{"id":1474,"date":"2023-04-10T21:00:54","date_gmt":"2023-04-10T19:00:54","guid":{"rendered":"https:\/\/www.lift2000.net\/wartung-und-service\/"},"modified":"2023-04-20T21:13:54","modified_gmt":"2023-04-20T19:13:54","slug":"wartung-und-service","status":"publish","type":"page","link":"https:\/\/www.lift2000.net\/de\/wartung-und-service\/","title":{"rendered":"Wartung und Service"},"content":{"rendered":"\t\t<div data-elementor-type=\"wp-page\" data-elementor-id=\"1474\" class=\"elementor elementor-1474 elementor-705\" data-elementor-post-type=\"page\">\n\t\t\t\t\t\t<section class=\"elementor-section elementor-top-section elementor-element elementor-element-71a1bb3a elementor-reverse-mobile elementor-section-height-min-height elementor-section-items-bottom elementor-section-boxed elementor-section-height-default\" data-id=\"71a1bb3a\" data-element_type=\"section\" data-settings=\"{&quot;background_background&quot;:&quot;classic&quot;}\">\n\t\t\t\t\t\t<div class=\"elementor-container elementor-column-gap-default\">\n\t\t\t\t\t<div class=\"elementor-column elementor-col-100 elementor-top-column elementor-element elementor-element-1ddb4b24\" data-id=\"1ddb4b24\" data-element_type=\"column\" data-settings=\"{&quot;animation&quot;:&quot;none&quot;}\">\n\t\t\t<div class=\"elementor-widget-wrap elementor-element-populated\">\n\t\t\t\t\t\t<div class=\"elementor-element elementor-element-2add78f5 elementor-icon-list--layout-inline elementor-widget__width-auto elementor-list-item-link-full_width elementor-widget elementor-widget-icon-list\" data-id=\"2add78f5\" data-element_type=\"widget\" data-widget_type=\"icon-list.default\">\n\t\t\t\t<div class=\"elementor-widget-container\">\n\t\t\t\t\t<ul class=\"elementor-icon-list-items elementor-inline-items\">\n\t\t\t\t\t\t\t<li class=\"elementor-icon-list-item elementor-inline-item\">\n\t\t\t\t\t\t\t\t\t\t\t<a href=\"https:\/\/www.lift2000.net\/de\/\">\n\n\t\t\t\t\t\t\t\t\t\t\t<span class=\"elementor-icon-list-text\">Home<\/span>\n\t\t\t\t\t\t\t\t\t\t\t<\/a>\n\t\t\t\t\t\t\t\t\t<\/li>\n\t\t\t\t\t\t\t\t<li class=\"elementor-icon-list-item elementor-inline-item\">\n\t\t\t\t\t\t\t\t\t\t\t<a href=\"#\">\n\n\t\t\t\t\t\t\t\t\t\t\t\t<span class=\"elementor-icon-list-icon\">\n\t\t\t\t\t\t\t<i aria-hidden=\"true\" class=\" ti-layout-line-solid\"><\/i>\t\t\t\t\t\t<\/span>\n\t\t\t\t\t\t\t\t\t\t<span class=\"elementor-icon-list-text\">Wartung und Service<\/span>\n\t\t\t\t\t\t\t\t\t\t\t<\/a>\n\t\t\t\t\t\t\t\t\t<\/li>\n\t\t\t\t\t\t<\/ul>\n\t\t\t\t<\/div>\n\t\t\t\t<\/div>\n\t\t\t\t<div class=\"elementor-element elementor-element-274127e7 elementor-widget elementor-widget-heading\" data-id=\"274127e7\" data-element_type=\"widget\" data-settings=\"{&quot;_animation&quot;:&quot;none&quot;}\" data-widget_type=\"heading.default\">\n\t\t\t\t<div class=\"elementor-widget-container\">\n\t\t\t<h2 class=\"elementor-heading-title elementor-size-default\">Wartung und Service<\/h2>\t\t<\/div>\n\t\t\t\t<\/div>\n\t\t\t\t\t<\/div>\n\t\t<\/div>\n\t\t\t\t\t<\/div>\n\t\t<\/section>\n\t\t\t\t<section class=\"elementor-section elementor-top-section elementor-element elementor-element-5db51863 elementor-reverse-mobile elementor-reverse-tablet elementor-section-boxed elementor-section-height-default elementor-section-height-default\" data-id=\"5db51863\" data-element_type=\"section\">\n\t\t\t\t\t\t<div class=\"elementor-container elementor-column-gap-default\">\n\t\t\t\t\t<div class=\"elementor-column elementor-col-50 elementor-top-column elementor-element elementor-element-25b43521\" data-id=\"25b43521\" data-element_type=\"column\">\n\t\t\t<div class=\"elementor-widget-wrap elementor-element-populated\">\n\t\t\t\t\t\t<section class=\"elementor-section elementor-inner-section elementor-element elementor-element-1ebed59e elementor-section-boxed elementor-section-height-default elementor-section-height-default\" data-id=\"1ebed59e\" data-element_type=\"section\">\n\t\t\t\t\t\t<div class=\"elementor-container elementor-column-gap-no\">\n\t\t\t\t\t<div class=\"elementor-column elementor-col-50 elementor-inner-column elementor-element elementor-element-37bfa6a3\" data-id=\"37bfa6a3\" data-element_type=\"column\" data-settings=\"{&quot;animation&quot;:&quot;none&quot;}\">\n\t\t\t<div class=\"elementor-widget-wrap elementor-element-populated\">\n\t\t\t\t\t\t<div class=\"elementor-element elementor-element-6db9431e elementor-widget elementor-widget-image\" data-id=\"6db9431e\" data-element_type=\"widget\" data-settings=\"{&quot;_animation&quot;:&quot;none&quot;}\" data-widget_type=\"image.default\">\n\t\t\t\t<div class=\"elementor-widget-container\">\n\t\t\t\t\t\t\t\t\t\t\t\t\t<img fetchpriority=\"high\" decoding=\"async\" width=\"1000\" height=\"1500\" src=\"https:\/\/www.lift2000.net\/wp-content\/uploads\/2023\/04\/ghgg.jpg\" class=\"attachment-full size-full wp-image-714\" alt=\"\" srcset=\"https:\/\/www.lift2000.net\/wp-content\/uploads\/2023\/04\/ghgg.jpg 1000w, https:\/\/www.lift2000.net\/wp-content\/uploads\/2023\/04\/ghgg-200x300.jpg 200w, https:\/\/www.lift2000.net\/wp-content\/uploads\/2023\/04\/ghgg-683x1024.jpg 683w, https:\/\/www.lift2000.net\/wp-content\/uploads\/2023\/04\/ghgg-768x1152.jpg 768w\" sizes=\"(max-width: 1000px) 100vw, 1000px\" \/>\t\t\t\t\t\t\t\t\t\t\t\t\t<\/div>\n\t\t\t\t<\/div>\n\t\t\t\t\t<\/div>\n\t\t<\/div>\n\t\t\t\t<div class=\"elementor-column elementor-col-50 elementor-inner-column elementor-element elementor-element-790089d8\" data-id=\"790089d8\" data-element_type=\"column\" data-settings=\"{&quot;animation&quot;:&quot;none&quot;}\">\n\t\t\t<div class=\"elementor-widget-wrap elementor-element-populated\">\n\t\t\t\t\t\t<div class=\"elementor-element elementor-element-4a6d705e elementor-widget elementor-widget-image\" data-id=\"4a6d705e\" data-element_type=\"widget\" data-settings=\"{&quot;_animation&quot;:&quot;none&quot;}\" data-widget_type=\"image.default\">\n\t\t\t\t<div class=\"elementor-widget-container\">\n\t\t\t\t\t\t\t\t\t\t\t\t\t<img decoding=\"async\" width=\"1280\" height=\"793\" src=\"https:\/\/www.lift2000.net\/wp-content\/uploads\/2023\/04\/trtr.jpg\" class=\"attachment-full size-full wp-image-716\" alt=\"\" srcset=\"https:\/\/www.lift2000.net\/wp-content\/uploads\/2023\/04\/trtr.jpg 1280w, https:\/\/www.lift2000.net\/wp-content\/uploads\/2023\/04\/trtr-300x186.jpg 300w, https:\/\/www.lift2000.net\/wp-content\/uploads\/2023\/04\/trtr-1024x634.jpg 1024w, https:\/\/www.lift2000.net\/wp-content\/uploads\/2023\/04\/trtr-768x476.jpg 768w\" sizes=\"(max-width: 1280px) 100vw, 1280px\" \/>\t\t\t\t\t\t\t\t\t\t\t\t\t<\/div>\n\t\t\t\t<\/div>\n\t\t\t\t<div class=\"elementor-element elementor-element-4a15892 elementor-widget elementor-widget-image\" data-id=\"4a15892\" data-element_type=\"widget\" data-widget_type=\"image.default\">\n\t\t\t\t<div class=\"elementor-widget-container\">\n\t\t\t\t\t\t\t\t\t\t\t\t\t<img decoding=\"async\" width=\"1000\" height=\"1500\" src=\"https:\/\/www.lift2000.net\/wp-content\/uploads\/2023\/04\/dsdaa.jpg\" class=\"attachment-full size-full wp-image-717\" alt=\"\" srcset=\"https:\/\/www.lift2000.net\/wp-content\/uploads\/2023\/04\/dsdaa.jpg 1000w, https:\/\/www.lift2000.net\/wp-content\/uploads\/2023\/04\/dsdaa-200x300.jpg 200w, https:\/\/www.lift2000.net\/wp-content\/uploads\/2023\/04\/dsdaa-683x1024.jpg 683w, https:\/\/www.lift2000.net\/wp-content\/uploads\/2023\/04\/dsdaa-768x1152.jpg 768w\" sizes=\"(max-width: 1000px) 100vw, 1000px\" \/>\t\t\t\t\t\t\t\t\t\t\t\t\t<\/div>\n\t\t\t\t<\/div>\n\t\t\t\t\t<\/div>\n\t\t<\/div>\n\t\t\t\t\t<\/div>\n\t\t<\/section>\n\t\t\t\t\t<\/div>\n\t\t<\/div>\n\t\t\t\t<div class=\"elementor-column elementor-col-50 elementor-top-column elementor-element elementor-element-3a6bc197\" data-id=\"3a6bc197\" data-element_type=\"column\" data-settings=\"{&quot;animation&quot;:&quot;none&quot;}\">\n\t\t\t<div class=\"elementor-widget-wrap elementor-element-populated\">\n\t\t\t\t\t\t<div class=\"elementor-element elementor-element-2d105b67 elementor-widget elementor-widget-heading\" data-id=\"2d105b67\" data-element_type=\"widget\" data-settings=\"{&quot;_animation&quot;:&quot;none&quot;}\" data-widget_type=\"heading.default\">\n\t\t\t\t<div class=\"elementor-widget-container\">\n\t\t\t<h2 class=\"elementor-heading-title elementor-size-default\">Wir k\u00fcmmern uns um ihren Aufzug\n<\/h2>\t\t<\/div>\n\t\t\t\t<\/div>\n\t\t\t\t<div class=\"elementor-element elementor-element-49ae9ff7 elementor-widget elementor-widget-heading\" data-id=\"49ae9ff7\" data-element_type=\"widget\" data-settings=\"{&quot;_animation&quot;:&quot;none&quot;}\" data-widget_type=\"heading.default\">\n\t\t\t\t<div class=\"elementor-widget-container\">\n\t\t\t<h2 class=\"elementor-heading-title elementor-size-default\">Warum LIFT2000 w\u00e4hlen?<\/h2>\t\t<\/div>\n\t\t\t\t<\/div>\n\t\t\t\t<div class=\"elementor-element elementor-element-56502b05 elementor-widget elementor-widget-text-editor\" data-id=\"56502b05\" data-element_type=\"widget\" data-settings=\"{&quot;_animation&quot;:&quot;none&quot;}\" data-widget_type=\"text-editor.default\">\n\t\t\t\t<div class=\"elementor-widget-container\">\n\t\t\t\t\t\t\t<p>Alles Kunden stehen unsere Techniker f\u00fcr Reparaturen und Wartungsarbeiten rund um die Uhr zu Verf\u00fcgung.<\/p>\n\t\t\t\t\t\t<\/div>\n\t\t\t\t<\/div>\n\t\t\t\t<section class=\"elementor-section elementor-inner-section elementor-element elementor-element-7bf4fcae elementor-section-boxed elementor-section-height-default elementor-section-height-default\" data-id=\"7bf4fcae\" data-element_type=\"section\">\n\t\t\t\t\t\t<div class=\"elementor-container elementor-column-gap-no\">\n\t\t\t\t\t<div class=\"elementor-column elementor-col-100 elementor-inner-column elementor-element elementor-element-7b775772\" data-id=\"7b775772\" data-element_type=\"column\">\n\t\t\t<div class=\"elementor-widget-wrap elementor-element-populated\">\n\t\t\t\t\t\t<div class=\"elementor-element elementor-element-7c2be0cd elementor-position-left elementor-mobile-position-left elementor-view-default elementor-vertical-align-top elementor-widget elementor-widget-icon-box\" data-id=\"7c2be0cd\" data-element_type=\"widget\" data-widget_type=\"icon-box.default\">\n\t\t\t\t<div class=\"elementor-widget-container\">\n\t\t\t\t\t<div class=\"elementor-icon-box-wrapper\">\n\n\t\t\t\t\t\t<div class=\"elementor-icon-box-icon\">\n\t\t\t\t<span  class=\"elementor-icon elementor-animation-\">\n\t\t\t\t<i aria-hidden=\"true\" class=\" ti-layout-line-solid\"><\/i>\t\t\t\t<\/span>\n\t\t\t<\/div>\n\t\t\t\n\t\t\t\t\t\t<div class=\"elementor-icon-box-content\">\n\n\t\t\t\t\t\t\t\t\t<div class=\"elementor-icon-box-title\">\n\t\t\t\t\t\t<span  >\n\t\t\t\t\t\t\tQualit\u00e4t &amp; Sicherheit\t\t\t\t\t\t<\/span>\n\t\t\t\t\t<\/div>\n\t\t\t\t\n\t\t\t\t\t\t\t\t\t<p class=\"elementor-icon-box-description\">\n\t\t\t\t\t\tUnsere geschulten Techniker k\u00fcmmern sich um Ihren Aufzug und Ihre Sicherheit, um Ihnen den bestm\u00f6glichen.\t\t\t\t\t<\/p>\n\t\t\t\t\n\t\t\t<\/div>\n\t\t\t\n\t\t<\/div>\n\t\t\t\t<\/div>\n\t\t\t\t<\/div>\n\t\t\t\t\t<\/div>\n\t\t<\/div>\n\t\t\t\t\t<\/div>\n\t\t<\/section>\n\t\t\t\t<section class=\"elementor-section elementor-inner-section elementor-element elementor-element-4c87122d elementor-section-boxed elementor-section-height-default elementor-section-height-default\" data-id=\"4c87122d\" data-element_type=\"section\">\n\t\t\t\t\t\t<div class=\"elementor-container elementor-column-gap-no\">\n\t\t\t\t\t<div class=\"elementor-column elementor-col-100 elementor-inner-column elementor-element elementor-element-4e2cb6b8\" data-id=\"4e2cb6b8\" data-element_type=\"column\">\n\t\t\t<div class=\"elementor-widget-wrap elementor-element-populated\">\n\t\t\t\t\t\t<div class=\"elementor-element elementor-element-5ce16f66 elementor-position-left elementor-mobile-position-left elementor-view-default elementor-vertical-align-top elementor-widget elementor-widget-icon-box\" data-id=\"5ce16f66\" data-element_type=\"widget\" data-widget_type=\"icon-box.default\">\n\t\t\t\t<div class=\"elementor-widget-container\">\n\t\t\t\t\t<div class=\"elementor-icon-box-wrapper\">\n\n\t\t\t\t\t\t<div class=\"elementor-icon-box-icon\">\n\t\t\t\t<span  class=\"elementor-icon elementor-animation-\">\n\t\t\t\t<i aria-hidden=\"true\" class=\" ti-layout-line-solid\"><\/i>\t\t\t\t<\/span>\n\t\t\t<\/div>\n\t\t\t\n\t\t\t\t\t\t<div class=\"elementor-icon-box-content\">\n\n\t\t\t\t\t\t\t\t\t<div class=\"elementor-icon-box-title\">\n\t\t\t\t\t\t<span  >\n\t\t\t\t\t\t\tGeschwindigkeit\t\t\t\t\t\t<\/span>\n\t\t\t\t\t<\/div>\n\t\t\t\t\n\t\t\t\t\t\t\t\t\t<p class=\"elementor-icon-box-description\">\n\t\t\t\t\t\tWir garantieren jede technische Hilfeleistung in k\u00fcrzester Zeit.\t\t\t\t\t<\/p>\n\t\t\t\t\n\t\t\t<\/div>\n\t\t\t\n\t\t<\/div>\n\t\t\t\t<\/div>\n\t\t\t\t<\/div>\n\t\t\t\t\t<\/div>\n\t\t<\/div>\n\t\t\t\t\t<\/div>\n\t\t<\/section>\n\t\t\t\t<section class=\"elementor-section elementor-inner-section elementor-element elementor-element-8920d27 elementor-section-boxed elementor-section-height-default elementor-section-height-default\" data-id=\"8920d27\" data-element_type=\"section\">\n\t\t\t\t\t\t<div class=\"elementor-container elementor-column-gap-no\">\n\t\t\t\t\t<div class=\"elementor-column elementor-col-100 elementor-inner-column elementor-element elementor-element-b452541\" data-id=\"b452541\" data-element_type=\"column\">\n\t\t\t<div class=\"elementor-widget-wrap elementor-element-populated\">\n\t\t\t\t\t\t<div class=\"elementor-element elementor-element-df0ba3c elementor-position-left elementor-mobile-position-left elementor-view-default elementor-vertical-align-top elementor-widget elementor-widget-icon-box\" data-id=\"df0ba3c\" data-element_type=\"widget\" data-widget_type=\"icon-box.default\">\n\t\t\t\t<div class=\"elementor-widget-container\">\n\t\t\t\t\t<div class=\"elementor-icon-box-wrapper\">\n\n\t\t\t\t\t\t<div class=\"elementor-icon-box-icon\">\n\t\t\t\t<span  class=\"elementor-icon elementor-animation-\">\n\t\t\t\t<i aria-hidden=\"true\" class=\" ti-layout-line-solid\"><\/i>\t\t\t\t<\/span>\n\t\t\t<\/div>\n\t\t\t\n\t\t\t\t\t\t<div class=\"elementor-icon-box-content\">\n\n\t\t\t\t\t\t\t\t\t<div class=\"elementor-icon-box-title\">\n\t\t\t\t\t\t<span  >\n\t\t\t\t\t\t\tKooperationen\t\t\t\t\t\t<\/span>\n\t\t\t\t\t<\/div>\n\t\t\t\t\n\t\t\t\t\t\t\t\t\t<p class=\"elementor-icon-box-description\">\n\t\t\t\t\t\tWir sind fest davon \u00fcberzeugt, dass man zum Wachsen kommunizieren und mit anderen zusammenarbeiten muss. Die Zusammenarbeit mit anderen Unternehmen der Branche erm\u00f6glicht uns den besten Service zu bieten, der st\u00e4ndig aktualisiert und verbessert wird.\t\t\t\t\t<\/p>\n\t\t\t\t\n\t\t\t<\/div>\n\t\t\t\n\t\t<\/div>\n\t\t\t\t<\/div>\n\t\t\t\t<\/div>\n\t\t\t\t\t<\/div>\n\t\t<\/div>\n\t\t\t\t\t<\/div>\n\t\t<\/section>\n\t\t\t\t\t<\/div>\n\t\t<\/div>\n\t\t\t\t\t<\/div>\n\t\t<\/section>\n\t\t\t\t<\/div>\n\t\t","protected":false},"excerpt":{"rendered":"<p>Home Wir k\u00fcmmern uns um ihren Aufzug Warum LIFT2000 w\u00e4hlen? Alles Kunden stehen unsere Techniker f\u00fcr Reparaturen und Wartungsarbeiten rund um die Uhr zu Verf\u00fcgung. Qualit\u00e4t &amp; Sicherheit Unsere geschulten Techniker k\u00fcmmern sich um Ihren Aufzug und Ihre Sicherheit, um Ihnen den bestm\u00f6glichen. Geschwindigkeit Wir garantieren jede technische Hilfeleistung in k\u00fcrzester Zeit. Kooperationen Wir sind [&hellip;]<\/p>\n","protected":false},"author":1,"featured_media":0,"parent":0,"menu_order":0,"comment_status":"closed","ping_status":"closed","template":"elementor_header_footer","meta":{"footnotes":""},"class_list":["post-1474","page","type-page","status-publish","hentry"],"yoast_head":"<!-- This site is optimized with the Yoast SEO plugin v23.4 - https:\/\/yoast.com\/wordpress\/plugins\/seo\/ -->\n<title>Wartung und Service - Lift 2000<\/title>\n<meta name=\"robots\" content=\"index, follow, max-snippet:-1, max-image-preview:large, max-video-preview:-1\" \/>\n<link rel=\"canonical\" href=\"https:\/\/www.lift2000.net\/wartung-und-service\/\" \/>\n<meta property=\"og:locale\" content=\"de_DE\" \/>\n<meta property=\"og:type\" content=\"article\" \/>\n<meta property=\"og:title\" content=\"Wartung und Service - Lift 2000\" \/>\n<meta property=\"og:description\" content=\"Home Wir k\u00fcmmern uns um ihren Aufzug Warum LIFT2000 w\u00e4hlen? Alles Kunden stehen unsere Techniker f\u00fcr Reparaturen und Wartungsarbeiten rund um die Uhr zu Verf\u00fcgung. Qualit\u00e4t &amp; Sicherheit Unsere geschulten Techniker k\u00fcmmern sich um Ihren Aufzug und Ihre Sicherheit, um Ihnen den bestm\u00f6glichen. Geschwindigkeit Wir garantieren jede technische Hilfeleistung in k\u00fcrzester Zeit. Kooperationen Wir sind [&hellip;]\" \/>\n<meta property=\"og:url\" content=\"https:\/\/www.lift2000.net\/wartung-und-service\/\" \/>\n<meta property=\"og:site_name\" content=\"Lift 2000\" \/>\n<meta property=\"article:modified_time\" content=\"2023-04-20T19:13:54+00:00\" \/>\n<meta property=\"og:image\" content=\"https:\/\/www.lift2000.net\/wp-content\/uploads\/2023\/04\/ghgg.jpg\" \/>\n<meta name=\"twitter:card\" content=\"summary_large_image\" \/>\n<script type=\"application\/ld+json\" class=\"yoast-schema-graph\">{\"@context\":\"https:\/\/schema.org\",\"@graph\":[{\"@type\":\"WebPage\",\"@id\":\"https:\/\/www.lift2000.net\/wartung-und-service\/\",\"url\":\"https:\/\/www.lift2000.net\/wartung-und-service\/\",\"name\":\"Wartung und Service - Lift 2000\",\"isPartOf\":{\"@id\":\"https:\/\/www.lift2000.net\/#website\"},\"primaryImageOfPage\":{\"@id\":\"https:\/\/www.lift2000.net\/wartung-und-service\/#primaryimage\"},\"image\":{\"@id\":\"https:\/\/www.lift2000.net\/wartung-und-service\/#primaryimage\"},\"thumbnailUrl\":\"https:\/\/www.lift2000.net\/wp-content\/uploads\/2023\/04\/ghgg.jpg\",\"datePublished\":\"2023-04-10T19:00:54+00:00\",\"dateModified\":\"2023-04-20T19:13:54+00:00\",\"breadcrumb\":{\"@id\":\"https:\/\/www.lift2000.net\/wartung-und-service\/#breadcrumb\"},\"inLanguage\":\"de\",\"potentialAction\":[{\"@type\":\"ReadAction\",\"target\":[\"https:\/\/www.lift2000.net\/wartung-und-service\/\"]}]},{\"@type\":\"ImageObject\",\"inLanguage\":\"de\",\"@id\":\"https:\/\/www.lift2000.net\/wartung-und-service\/#primaryimage\",\"url\":\"https:\/\/www.lift2000.net\/wp-content\/uploads\/2023\/04\/ghgg.jpg\",\"contentUrl\":\"https:\/\/www.lift2000.net\/wp-content\/uploads\/2023\/04\/ghgg.jpg\"},{\"@type\":\"BreadcrumbList\",\"@id\":\"https:\/\/www.lift2000.net\/wartung-und-service\/#breadcrumb\",\"itemListElement\":[{\"@type\":\"ListItem\",\"position\":1,\"name\":\"Home\",\"item\":\"https:\/\/www.lift2000.net\/de\/\"},{\"@type\":\"ListItem\",\"position\":2,\"name\":\"Wartung und Service\"}]},{\"@type\":\"WebSite\",\"@id\":\"https:\/\/www.lift2000.net\/#website\",\"url\":\"https:\/\/www.lift2000.net\/\",\"name\":\"Lift 2000\",\"description\":\"Ascensori ed Elevatori all\u2019Avanguardia\",\"publisher\":{\"@id\":\"https:\/\/www.lift2000.net\/#organization\"},\"potentialAction\":[{\"@type\":\"SearchAction\",\"target\":{\"@type\":\"EntryPoint\",\"urlTemplate\":\"https:\/\/www.lift2000.net\/?s={search_term_string}\"},\"query-input\":{\"@type\":\"PropertyValueSpecification\",\"valueRequired\":true,\"valueName\":\"search_term_string\"}}],\"inLanguage\":\"de\"},{\"@type\":\"Organization\",\"@id\":\"https:\/\/www.lift2000.net\/#organization\",\"name\":\"Lift 2000\",\"url\":\"https:\/\/www.lift2000.net\/\",\"logo\":{\"@type\":\"ImageObject\",\"inLanguage\":\"de\",\"@id\":\"https:\/\/www.lift2000.net\/#\/schema\/logo\/image\/\",\"url\":\"https:\/\/www.lift2000.net\/wp-content\/uploads\/2023\/04\/asa.png\",\"contentUrl\":\"https:\/\/www.lift2000.net\/wp-content\/uploads\/2023\/04\/asa.png\",\"width\":250,\"height\":383,\"caption\":\"Lift 2000\"},\"image\":{\"@id\":\"https:\/\/www.lift2000.net\/#\/schema\/logo\/image\/\"}}]}<\/script>\n<!-- \/ Yoast SEO plugin. -->","yoast_head_json":{"title":"Wartung und Service - Lift 2000","robots":{"index":"index","follow":"follow","max-snippet":"max-snippet:-1","max-image-preview":"max-image-preview:large","max-video-preview":"max-video-preview:-1"},"canonical":"https:\/\/www.lift2000.net\/wartung-und-service\/","og_locale":"de_DE","og_type":"article","og_title":"Wartung und Service - Lift 2000","og_description":"Home Wir k\u00fcmmern uns um ihren Aufzug Warum LIFT2000 w\u00e4hlen? Alles Kunden stehen unsere Techniker f\u00fcr Reparaturen und Wartungsarbeiten rund um die Uhr zu Verf\u00fcgung. Qualit\u00e4t &amp; Sicherheit Unsere geschulten Techniker k\u00fcmmern sich um Ihren Aufzug und Ihre Sicherheit, um Ihnen den bestm\u00f6glichen. Geschwindigkeit Wir garantieren jede technische Hilfeleistung in k\u00fcrzester Zeit. Kooperationen Wir sind [&hellip;]","og_url":"https:\/\/www.lift2000.net\/wartung-und-service\/","og_site_name":"Lift 2000","article_modified_time":"2023-04-20T19:13:54+00:00","og_image":[{"url":"https:\/\/www.lift2000.net\/wp-content\/uploads\/2023\/04\/ghgg.jpg"}],"twitter_card":"summary_large_image","schema":{"@context":"https:\/\/schema.org","@graph":[{"@type":"WebPage","@id":"https:\/\/www.lift2000.net\/wartung-und-service\/","url":"https:\/\/www.lift2000.net\/wartung-und-service\/","name":"Wartung und Service - Lift 2000","isPartOf":{"@id":"https:\/\/www.lift2000.net\/#website"},"primaryImageOfPage":{"@id":"https:\/\/www.lift2000.net\/wartung-und-service\/#primaryimage"},"image":{"@id":"https:\/\/www.lift2000.net\/wartung-und-service\/#primaryimage"},"thumbnailUrl":"https:\/\/www.lift2000.net\/wp-content\/uploads\/2023\/04\/ghgg.jpg","datePublished":"2023-04-10T19:00:54+00:00","dateModified":"2023-04-20T19:13:54+00:00","breadcrumb":{"@id":"https:\/\/www.lift2000.net\/wartung-und-service\/#breadcrumb"},"inLanguage":"de","potentialAction":[{"@type":"ReadAction","target":["https:\/\/www.lift2000.net\/wartung-und-service\/"]}]},{"@type":"ImageObject","inLanguage":"de","@id":"https:\/\/www.lift2000.net\/wartung-und-service\/#primaryimage","url":"https:\/\/www.lift2000.net\/wp-content\/uploads\/2023\/04\/ghgg.jpg","contentUrl":"https:\/\/www.lift2000.net\/wp-content\/uploads\/2023\/04\/ghgg.jpg"},{"@type":"BreadcrumbList","@id":"https:\/\/www.lift2000.net\/wartung-und-service\/#breadcrumb","itemListElement":[{"@type":"ListItem","position":1,"name":"Home","item":"https:\/\/www.lift2000.net\/de\/"},{"@type":"ListItem","position":2,"name":"Wartung und Service"}]},{"@type":"WebSite","@id":"https:\/\/www.lift2000.net\/#website","url":"https:\/\/www.lift2000.net\/","name":"Lift 2000","description":"Ascensori ed Elevatori all\u2019Avanguardia","publisher":{"@id":"https:\/\/www.lift2000.net\/#organization"},"potentialAction":[{"@type":"SearchAction","target":{"@type":"EntryPoint","urlTemplate":"https:\/\/www.lift2000.net\/?s={search_term_string}"},"query-input":{"@type":"PropertyValueSpecification","valueRequired":true,"valueName":"search_term_string"}}],"inLanguage":"de"},{"@type":"Organization","@id":"https:\/\/www.lift2000.net\/#organization","name":"Lift 2000","url":"https:\/\/www.lift2000.net\/","logo":{"@type":"ImageObject","inLanguage":"de","@id":"https:\/\/www.lift2000.net\/#\/schema\/logo\/image\/","url":"https:\/\/www.lift2000.net\/wp-content\/uploads\/2023\/04\/asa.png","contentUrl":"https:\/\/www.lift2000.net\/wp-content\/uploads\/2023\/04\/asa.png","width":250,"height":383,"caption":"Lift 2000"},"image":{"@id":"https:\/\/www.lift2000.net\/#\/schema\/logo\/image\/"}}]}},"_links":{"self":[{"href":"https:\/\/www.lift2000.net\/de\/wp-json\/wp\/v2\/pages\/1474","targetHints":{"allow":["GET"]}}],"collection":[{"href":"https:\/\/www.lift2000.net\/de\/wp-json\/wp\/v2\/pages"}],"about":[{"href":"https:\/\/www.lift2000.net\/de\/wp-json\/wp\/v2\/types\/page"}],"author":[{"embeddable":true,"href":"https:\/\/www.lift2000.net\/de\/wp-json\/wp\/v2\/users\/1"}],"replies":[{"embeddable":true,"href":"https:\/\/www.lift2000.net\/de\/wp-json\/wp\/v2\/comments?post=1474"}],"version-history":[{"count":0,"href":"https:\/\/www.lift2000.net\/de\/wp-json\/wp\/v2\/pages\/1474\/revisions"}],"wp:attachment":[{"href":"https:\/\/www.lift2000.net\/de\/wp-json\/wp\/v2\/media?parent=1474"}],"curies":[{"name":"wp","href":"https:\/\/api.w.org\/{rel}","templated":true}]}}