{"id":1944,"date":"2024-07-27T23:01:55","date_gmt":"2024-07-27T21:01:55","guid":{"rendered":"https:\/\/www.lift2000.net\/?page_id=1944"},"modified":"2024-07-29T23:53:53","modified_gmt":"2024-07-29T21:53:53","slug":"team","status":"publish","type":"page","link":"https:\/\/www.lift2000.net\/de\/team\/","title":{"rendered":"Team"},"content":{"rendered":"\t\t<div data-elementor-type=\"wp-page\" data-elementor-id=\"1944\" class=\"elementor elementor-1944 elementor-1943\" data-elementor-post-type=\"page\">\n\t\t\t\t\t\t<section class=\"elementor-section elementor-top-section elementor-element elementor-element-71a1bb3a elementor-reverse-mobile elementor-section-height-min-height elementor-section-items-bottom elementor-section-boxed elementor-section-height-default\" data-id=\"71a1bb3a\" data-element_type=\"section\" data-settings=\"{&quot;background_background&quot;:&quot;classic&quot;}\">\n\t\t\t\t\t\t<div class=\"elementor-container elementor-column-gap-default\">\n\t\t\t\t\t<div class=\"elementor-column elementor-col-100 elementor-top-column elementor-element elementor-element-1ddb4b24\" data-id=\"1ddb4b24\" data-element_type=\"column\" data-settings=\"{&quot;animation&quot;:&quot;none&quot;}\">\n\t\t\t<div class=\"elementor-widget-wrap elementor-element-populated\">\n\t\t\t\t\t\t<div class=\"elementor-element elementor-element-2add78f5 elementor-icon-list--layout-inline elementor-widget__width-auto elementor-list-item-link-full_width elementor-widget elementor-widget-icon-list\" data-id=\"2add78f5\" data-element_type=\"widget\" data-widget_type=\"icon-list.default\">\n\t\t\t\t<div class=\"elementor-widget-container\">\n\t\t\t\t\t<ul class=\"elementor-icon-list-items elementor-inline-items\">\n\t\t\t\t\t\t\t<li class=\"elementor-icon-list-item elementor-inline-item\">\n\t\t\t\t\t\t\t\t\t\t\t<a href=\"https:\/\/www.lift2000.net\/de\/\">\n\n\t\t\t\t\t\t\t\t\t\t\t<span class=\"elementor-icon-list-text\">Home<\/span>\n\t\t\t\t\t\t\t\t\t\t\t<\/a>\n\t\t\t\t\t\t\t\t\t<\/li>\n\t\t\t\t\t\t\t\t<li class=\"elementor-icon-list-item elementor-inline-item\">\n\t\t\t\t\t\t\t\t\t\t\t<a href=\"#\">\n\n\t\t\t\t\t\t\t\t\t\t\t\t<span class=\"elementor-icon-list-icon\">\n\t\t\t\t\t\t\t<i aria-hidden=\"true\" class=\" ti-layout-line-solid\"><\/i>\t\t\t\t\t\t<\/span>\n\t\t\t\t\t\t\t\t\t\t<span class=\"elementor-icon-list-text\">Team<\/span>\n\t\t\t\t\t\t\t\t\t\t\t<\/a>\n\t\t\t\t\t\t\t\t\t<\/li>\n\t\t\t\t\t\t<\/ul>\n\t\t\t\t<\/div>\n\t\t\t\t<\/div>\n\t\t\t\t<div class=\"elementor-element elementor-element-274127e7 elementor-widget elementor-widget-heading\" data-id=\"274127e7\" data-element_type=\"widget\" data-settings=\"{&quot;_animation&quot;:&quot;none&quot;}\" data-widget_type=\"heading.default\">\n\t\t\t\t<div class=\"elementor-widget-container\">\n\t\t\t<h2 class=\"elementor-heading-title elementor-size-default\">Team<\/h2>\t\t<\/div>\n\t\t\t\t<\/div>\n\t\t\t\t\t<\/div>\n\t\t<\/div>\n\t\t\t\t\t<\/div>\n\t\t<\/section>\n\t\t\t\t<section class=\"elementor-section elementor-top-section elementor-element elementor-element-32498e1d elementor-section-boxed elementor-section-height-default elementor-section-height-default\" data-id=\"32498e1d\" data-element_type=\"section\">\n\t\t\t\t\t\t<div class=\"elementor-container elementor-column-gap-default\">\n\t\t\t\t\t<div class=\"elementor-column elementor-col-100 elementor-top-column elementor-element elementor-element-5d6f15a\" data-id=\"5d6f15a\" data-element_type=\"column\">\n\t\t\t<div class=\"elementor-widget-wrap elementor-element-populated\">\n\t\t\t\t\t\t<div class=\"elementor-element elementor-element-f1ec32b elementor-widget elementor-widget-heading\" data-id=\"f1ec32b\" data-element_type=\"widget\" data-widget_type=\"heading.default\">\n\t\t\t\t<div class=\"elementor-widget-container\">\n\t\t\t<h2 class=\"elementor-heading-title elementor-size-default\">Wer wir sind<\/h2>\t\t<\/div>\n\t\t\t\t<\/div>\n\t\t\t\t<div class=\"elementor-element elementor-element-61462e5a elementor-widget-tablet__width-initial elementor-widget elementor-widget-heading\" data-id=\"61462e5a\" data-element_type=\"widget\" data-settings=\"{&quot;_animation&quot;:&quot;none&quot;}\" data-widget_type=\"heading.default\">\n\t\t\t\t<div class=\"elementor-widget-container\">\n\t\t\t<h2 class=\"elementor-heading-title elementor-size-default\">Unser Team<\/h2>\t\t<\/div>\n\t\t\t\t<\/div>\n\t\t\t\t<div class=\"elementor-element elementor-element-1a50f2a8 elementor-widget__width-initial elementor-widget elementor-widget-text-editor\" data-id=\"1a50f2a8\" data-element_type=\"widget\" data-widget_type=\"text-editor.default\">\n\t\t\t\t<div class=\"elementor-widget-container\">\n\t\t\t\t\t\t\t<p>Wir sind stolz auf unser Team, das aus hochqualifizierten Fachkr\u00e4ften besteht. Durch kontinuierliche Weiterbildung und fundiertes Fachwissen setzt unser Team Ihre Projekte l\u00f6sungsorientiert um und garantiert exzellente und p\u00fcnktliche Ergebnisse. Wir sind stets auf der Suche nach neuen Technikern, um unser Team zu erweitern und weiterhin den bestm\u00f6glichen Service zu bieten. Bewerben Sie sich jetzt.<\/p>\n<p><strong>Bewerbung senden an: <a href=\"mailto:info@lift2000.net\">info@lift2000.net <\/a> <\/strong><\/p>\n\t\t\t\t\t\t<\/div>\n\t\t\t\t<\/div>\n\t\t\t\t<div class=\"elementor-element elementor-element-e804485 elementor-widget elementor-widget-image\" data-id=\"e804485\" data-element_type=\"widget\" data-widget_type=\"image.default\">\n\t\t\t\t<div class=\"elementor-widget-container\">\n\t\t\t\t\t\t\t\t\t\t\t\t\t<img fetchpriority=\"high\" decoding=\"async\" width=\"1500\" height=\"844\" src=\"https:\/\/www.lift2000.net\/wp-content\/uploads\/2024\/07\/rtettertre.jpg\" class=\"attachment-full size-full wp-image-1949\" alt=\"Team\" srcset=\"https:\/\/www.lift2000.net\/wp-content\/uploads\/2024\/07\/rtettertre.jpg 1500w, https:\/\/www.lift2000.net\/wp-content\/uploads\/2024\/07\/rtettertre-300x169.jpg 300w, https:\/\/www.lift2000.net\/wp-content\/uploads\/2024\/07\/rtettertre-1024x576.jpg 1024w, https:\/\/www.lift2000.net\/wp-content\/uploads\/2024\/07\/rtettertre-768x432.jpg 768w\" sizes=\"(max-width: 1500px) 100vw, 1500px\" \/>\t\t\t\t\t\t\t\t\t\t\t\t\t<\/div>\n\t\t\t\t<\/div>\n\t\t\t\t\t<\/div>\n\t\t<\/div>\n\t\t\t\t\t<\/div>\n\t\t<\/section>\n\t\t\t\t<\/div>\n\t\t","protected":false},"excerpt":{"rendered":"<p>Home Innovative Produkte Spitzenl\u00f6sungen Wir sind stolz auf unser Team, das aus hochqualifizierten Fachkr\u00e4ften besteht. Durch kontinuierliche Weiterbildung und fundiertes Fachwissen setzt unser Team Ihre Projekte l\u00f6sungsorientiert um und garantiert exzellente und p\u00fcnktliche Ergebnisse. Wir sind stets auf der Suche nach neuen Technikern, um unser Team zu erweitern und weiterhin den bestm\u00f6glichen Service zu bieten. [&hellip;]<\/p>\n","protected":false},"author":1,"featured_media":0,"parent":0,"menu_order":0,"comment_status":"closed","ping_status":"closed","template":"elementor_header_footer","meta":{"footnotes":""},"class_list":["post-1944","page","type-page","status-publish","hentry"],"yoast_head":"<!-- This site is optimized with the Yoast SEO plugin v23.4 - https:\/\/yoast.com\/wordpress\/plugins\/seo\/ -->\n<title>Team - Lift 2000<\/title>\n<meta name=\"robots\" content=\"index, follow, max-snippet:-1, max-image-preview:large, max-video-preview:-1\" \/>\n<link rel=\"canonical\" href=\"https:\/\/www.lift2000.net\/de\/team\/\" \/>\n<meta property=\"og:locale\" content=\"de_DE\" \/>\n<meta property=\"og:type\" content=\"article\" \/>\n<meta property=\"og:title\" content=\"Team - Lift 2000\" \/>\n<meta property=\"og:description\" content=\"Home Innovative Produkte Spitzenl\u00f6sungen Wir sind stolz auf unser Team, das aus hochqualifizierten Fachkr\u00e4ften besteht. Durch kontinuierliche Weiterbildung und fundiertes Fachwissen setzt unser Team Ihre Projekte l\u00f6sungsorientiert um und garantiert exzellente und p\u00fcnktliche Ergebnisse. Wir sind stets auf der Suche nach neuen Technikern, um unser Team zu erweitern und weiterhin den bestm\u00f6glichen Service zu bieten. [&hellip;]\" \/>\n<meta property=\"og:url\" content=\"https:\/\/www.lift2000.net\/de\/team\/\" \/>\n<meta property=\"og:site_name\" content=\"Lift 2000\" \/>\n<meta property=\"article:modified_time\" content=\"2024-07-29T21:53:53+00:00\" \/>\n<meta property=\"og:image\" content=\"https:\/\/www.lift2000.net\/wp-content\/uploads\/2024\/07\/rtettertre.jpg\" \/>\n<meta name=\"twitter:card\" content=\"summary_large_image\" \/>\n<meta name=\"twitter:label1\" content=\"Gesch\u00e4tzte Lesezeit\" \/>\n\t<meta name=\"twitter:data1\" content=\"1\u00a0Minute\" \/>\n<script type=\"application\/ld+json\" class=\"yoast-schema-graph\">{\"@context\":\"https:\/\/schema.org\",\"@graph\":[{\"@type\":\"WebPage\",\"@id\":\"https:\/\/www.lift2000.net\/de\/team\/\",\"url\":\"https:\/\/www.lift2000.net\/de\/team\/\",\"name\":\"Team - Lift 2000\",\"isPartOf\":{\"@id\":\"https:\/\/www.lift2000.net\/#website\"},\"primaryImageOfPage\":{\"@id\":\"https:\/\/www.lift2000.net\/de\/team\/#primaryimage\"},\"image\":{\"@id\":\"https:\/\/www.lift2000.net\/de\/team\/#primaryimage\"},\"thumbnailUrl\":\"https:\/\/www.lift2000.net\/wp-content\/uploads\/2024\/07\/rtettertre.jpg\",\"datePublished\":\"2024-07-27T21:01:55+00:00\",\"dateModified\":\"2024-07-29T21:53:53+00:00\",\"breadcrumb\":{\"@id\":\"https:\/\/www.lift2000.net\/de\/team\/#breadcrumb\"},\"inLanguage\":\"de\",\"potentialAction\":[{\"@type\":\"ReadAction\",\"target\":[\"https:\/\/www.lift2000.net\/de\/team\/\"]}]},{\"@type\":\"ImageObject\",\"inLanguage\":\"de\",\"@id\":\"https:\/\/www.lift2000.net\/de\/team\/#primaryimage\",\"url\":\"https:\/\/www.lift2000.net\/wp-content\/uploads\/2024\/07\/rtettertre.jpg\",\"contentUrl\":\"https:\/\/www.lift2000.net\/wp-content\/uploads\/2024\/07\/rtettertre.jpg\"},{\"@type\":\"BreadcrumbList\",\"@id\":\"https:\/\/www.lift2000.net\/de\/team\/#breadcrumb\",\"itemListElement\":[{\"@type\":\"ListItem\",\"position\":1,\"name\":\"Home\",\"item\":\"https:\/\/www.lift2000.net\/de\/\"},{\"@type\":\"ListItem\",\"position\":2,\"name\":\"Team\"}]},{\"@type\":\"WebSite\",\"@id\":\"https:\/\/www.lift2000.net\/#website\",\"url\":\"https:\/\/www.lift2000.net\/\",\"name\":\"Lift 2000\",\"description\":\"Ascensori ed Elevatori all\u2019Avanguardia\",\"publisher\":{\"@id\":\"https:\/\/www.lift2000.net\/#organization\"},\"potentialAction\":[{\"@type\":\"SearchAction\",\"target\":{\"@type\":\"EntryPoint\",\"urlTemplate\":\"https:\/\/www.lift2000.net\/?s={search_term_string}\"},\"query-input\":{\"@type\":\"PropertyValueSpecification\",\"valueRequired\":true,\"valueName\":\"search_term_string\"}}],\"inLanguage\":\"de\"},{\"@type\":\"Organization\",\"@id\":\"https:\/\/www.lift2000.net\/#organization\",\"name\":\"Lift 2000\",\"url\":\"https:\/\/www.lift2000.net\/\",\"logo\":{\"@type\":\"ImageObject\",\"inLanguage\":\"de\",\"@id\":\"https:\/\/www.lift2000.net\/#\/schema\/logo\/image\/\",\"url\":\"https:\/\/www.lift2000.net\/wp-content\/uploads\/2023\/04\/asa.png\",\"contentUrl\":\"https:\/\/www.lift2000.net\/wp-content\/uploads\/2023\/04\/asa.png\",\"width\":250,\"height\":383,\"caption\":\"Lift 2000\"},\"image\":{\"@id\":\"https:\/\/www.lift2000.net\/#\/schema\/logo\/image\/\"}}]}<\/script>\n<!-- \/ Yoast SEO plugin. -->","yoast_head_json":{"title":"Team - Lift 2000","robots":{"index":"index","follow":"follow","max-snippet":"max-snippet:-1","max-image-preview":"max-image-preview:large","max-video-preview":"max-video-preview:-1"},"canonical":"https:\/\/www.lift2000.net\/de\/team\/","og_locale":"de_DE","og_type":"article","og_title":"Team - Lift 2000","og_description":"Home Innovative Produkte Spitzenl\u00f6sungen Wir sind stolz auf unser Team, das aus hochqualifizierten Fachkr\u00e4ften besteht. Durch kontinuierliche Weiterbildung und fundiertes Fachwissen setzt unser Team Ihre Projekte l\u00f6sungsorientiert um und garantiert exzellente und p\u00fcnktliche Ergebnisse. Wir sind stets auf der Suche nach neuen Technikern, um unser Team zu erweitern und weiterhin den bestm\u00f6glichen Service zu bieten. [&hellip;]","og_url":"https:\/\/www.lift2000.net\/de\/team\/","og_site_name":"Lift 2000","article_modified_time":"2024-07-29T21:53:53+00:00","og_image":[{"url":"https:\/\/www.lift2000.net\/wp-content\/uploads\/2024\/07\/rtettertre.jpg"}],"twitter_card":"summary_large_image","twitter_misc":{"Gesch\u00e4tzte Lesezeit":"1\u00a0Minute"},"schema":{"@context":"https:\/\/schema.org","@graph":[{"@type":"WebPage","@id":"https:\/\/www.lift2000.net\/de\/team\/","url":"https:\/\/www.lift2000.net\/de\/team\/","name":"Team - Lift 2000","isPartOf":{"@id":"https:\/\/www.lift2000.net\/#website"},"primaryImageOfPage":{"@id":"https:\/\/www.lift2000.net\/de\/team\/#primaryimage"},"image":{"@id":"https:\/\/www.lift2000.net\/de\/team\/#primaryimage"},"thumbnailUrl":"https:\/\/www.lift2000.net\/wp-content\/uploads\/2024\/07\/rtettertre.jpg","datePublished":"2024-07-27T21:01:55+00:00","dateModified":"2024-07-29T21:53:53+00:00","breadcrumb":{"@id":"https:\/\/www.lift2000.net\/de\/team\/#breadcrumb"},"inLanguage":"de","potentialAction":[{"@type":"ReadAction","target":["https:\/\/www.lift2000.net\/de\/team\/"]}]},{"@type":"ImageObject","inLanguage":"de","@id":"https:\/\/www.lift2000.net\/de\/team\/#primaryimage","url":"https:\/\/www.lift2000.net\/wp-content\/uploads\/2024\/07\/rtettertre.jpg","contentUrl":"https:\/\/www.lift2000.net\/wp-content\/uploads\/2024\/07\/rtettertre.jpg"},{"@type":"BreadcrumbList","@id":"https:\/\/www.lift2000.net\/de\/team\/#breadcrumb","itemListElement":[{"@type":"ListItem","position":1,"name":"Home","item":"https:\/\/www.lift2000.net\/de\/"},{"@type":"ListItem","position":2,"name":"Team"}]},{"@type":"WebSite","@id":"https:\/\/www.lift2000.net\/#website","url":"https:\/\/www.lift2000.net\/","name":"Lift 2000","description":"Ascensori ed Elevatori all\u2019Avanguardia","publisher":{"@id":"https:\/\/www.lift2000.net\/#organization"},"potentialAction":[{"@type":"SearchAction","target":{"@type":"EntryPoint","urlTemplate":"https:\/\/www.lift2000.net\/?s={search_term_string}"},"query-input":{"@type":"PropertyValueSpecification","valueRequired":true,"valueName":"search_term_string"}}],"inLanguage":"de"},{"@type":"Organization","@id":"https:\/\/www.lift2000.net\/#organization","name":"Lift 2000","url":"https:\/\/www.lift2000.net\/","logo":{"@type":"ImageObject","inLanguage":"de","@id":"https:\/\/www.lift2000.net\/#\/schema\/logo\/image\/","url":"https:\/\/www.lift2000.net\/wp-content\/uploads\/2023\/04\/asa.png","contentUrl":"https:\/\/www.lift2000.net\/wp-content\/uploads\/2023\/04\/asa.png","width":250,"height":383,"caption":"Lift 2000"},"image":{"@id":"https:\/\/www.lift2000.net\/#\/schema\/logo\/image\/"}}]}},"_links":{"self":[{"href":"https:\/\/www.lift2000.net\/de\/wp-json\/wp\/v2\/pages\/1944","targetHints":{"allow":["GET"]}}],"collection":[{"href":"https:\/\/www.lift2000.net\/de\/wp-json\/wp\/v2\/pages"}],"about":[{"href":"https:\/\/www.lift2000.net\/de\/wp-json\/wp\/v2\/types\/page"}],"author":[{"embeddable":true,"href":"https:\/\/www.lift2000.net\/de\/wp-json\/wp\/v2\/users\/1"}],"replies":[{"embeddable":true,"href":"https:\/\/www.lift2000.net\/de\/wp-json\/wp\/v2\/comments?post=1944"}],"version-history":[{"count":0,"href":"https:\/\/www.lift2000.net\/de\/wp-json\/wp\/v2\/pages\/1944\/revisions"}],"wp:attachment":[{"href":"https:\/\/www.lift2000.net\/de\/wp-json\/wp\/v2\/media?parent=1944"}],"curies":[{"name":"wp","href":"https:\/\/api.w.org\/{rel}","templated":true}]}}